{"id":1170,"date":"2022-05-16T20:29:26","date_gmt":"2022-05-16T20:29:26","guid":{"rendered":"https:\/\/higienechile.cl\/?post_type=product&#038;p=1170"},"modified":"2022-05-18T14:34:03","modified_gmt":"2022-05-18T14:34:03","slug":"dispensador-manual-dm-1000","status":"publish","type":"product","link":"https:\/\/higienechile.cl\/?product=dispensador-manual-dm-1000","title":{"rendered":"Dispensador Manual DM 1000"},"content":{"rendered":"","protected":false},"excerpt":{"rendered":"<p>Dispensador: Jab\u00f3n, lavaloza y Alcohol Gel.<br \/>\nDimensi\u00f3n: 245 x 119 x 106 mm.<br \/>\nCON BOTELLA RECARGABLE EN SU INTERIOR.<br \/>\nFijaci\u00f3n: a muro (incluye tarugos y tornillos).<br \/>\nSeguridad Antirobos (con llave).<br \/>\nMaterial: Pl\u00e1stico ABS<br \/>\nCapacidad: 1000 ml.<br \/>\nColor: Blanco<\/p>\n","protected":false},"featured_media":1274,"template":"","meta":{"_joinchat":[]},"product_cat":[44],"product_tag":[],"class_list":{"0":"post-1170","1":"product","2":"type-product","3":"status-publish","4":"has-post-thumbnail","6":"product_cat-jabon_-_alcohol_gel","8":"first","9":"instock","10":"shipping-taxable","11":"product-type-simple"},"yoast_head":"<!-- This site is optimized with the Yoast SEO plugin v23.0 - https:\/\/yoast.com\/wordpress\/plugins\/seo\/ -->\n<title>Dispensador Manual DM 1000 - Higiene Chile<\/title>\n<meta name=\"robots\" content=\"index, follow, max-snippet:-1, max-image-preview:large, max-video-preview:-1\" \/>\n<link rel=\"canonical\" href=\"https:\/\/higienechile.cl\/?product=dispensador-manual-dm-1000\" \/>\n<meta property=\"og:locale\" content=\"es_ES\" \/>\n<meta property=\"og:type\" content=\"article\" \/>\n<meta property=\"og:title\" content=\"Dispensador Manual DM 1000 - Higiene Chile\" \/>\n<meta property=\"og:description\" content=\"Dispensador: Jab\u00f3n, lavaloza y Alcohol Gel. Dimensi\u00f3n: 245 x 119 x 106 mm. CON BOTELLA RECARGABLE EN SU INTERIOR. Fijaci\u00f3n: a muro (incluye tarugos y tornillos). Seguridad Antirobos (con llave). Material: Pl\u00e1stico ABS Capacidad: 1000 ml. Color: Blanco\" \/>\n<meta property=\"og:url\" content=\"https:\/\/higienechile.cl\/?product=dispensador-manual-dm-1000\" \/>\n<meta property=\"og:site_name\" content=\"Higiene Chile\" \/>\n<meta property=\"article:modified_time\" content=\"2022-05-18T14:34:03+00:00\" \/>\n<meta property=\"og:image\" content=\"https:\/\/higienechile.cl\/wp-content\/uploads\/2022\/05\/DM-1000.jpg\" \/>\n\t<meta property=\"og:image:width\" content=\"600\" \/>\n\t<meta property=\"og:image:height\" content=\"600\" \/>\n\t<meta property=\"og:image:type\" content=\"image\/jpeg\" \/>\n<meta name=\"twitter:card\" content=\"summary_large_image\" \/>\n<script type=\"application\/ld+json\" class=\"yoast-schema-graph\">{\"@context\":\"https:\/\/schema.org\",\"@graph\":[{\"@type\":\"WebPage\",\"@id\":\"https:\/\/higienechile.cl\/?product=dispensador-manual-dm-1000\",\"url\":\"https:\/\/higienechile.cl\/?product=dispensador-manual-dm-1000\",\"name\":\"Dispensador Manual DM 1000 - Higiene Chile\",\"isPartOf\":{\"@id\":\"https:\/\/higienechile.cl\/#website\"},\"primaryImageOfPage\":{\"@id\":\"https:\/\/higienechile.cl\/?product=dispensador-manual-dm-1000#primaryimage\"},\"image\":{\"@id\":\"https:\/\/higienechile.cl\/?product=dispensador-manual-dm-1000#primaryimage\"},\"thumbnailUrl\":\"https:\/\/higienechile.cl\/wp-content\/uploads\/2022\/05\/DM-1000.jpg\",\"datePublished\":\"2022-05-16T20:29:26+00:00\",\"dateModified\":\"2022-05-18T14:34:03+00:00\",\"breadcrumb\":{\"@id\":\"https:\/\/higienechile.cl\/?product=dispensador-manual-dm-1000#breadcrumb\"},\"inLanguage\":\"es-CL\",\"potentialAction\":[{\"@type\":\"ReadAction\",\"target\":[\"https:\/\/higienechile.cl\/?product=dispensador-manual-dm-1000\"]}]},{\"@type\":\"ImageObject\",\"inLanguage\":\"es-CL\",\"@id\":\"https:\/\/higienechile.cl\/?product=dispensador-manual-dm-1000#primaryimage\",\"url\":\"https:\/\/higienechile.cl\/wp-content\/uploads\/2022\/05\/DM-1000.jpg\",\"contentUrl\":\"https:\/\/higienechile.cl\/wp-content\/uploads\/2022\/05\/DM-1000.jpg\",\"width\":600,\"height\":600},{\"@type\":\"BreadcrumbList\",\"@id\":\"https:\/\/higienechile.cl\/?product=dispensador-manual-dm-1000#breadcrumb\",\"itemListElement\":[{\"@type\":\"ListItem\",\"position\":1,\"name\":\"Portada\",\"item\":\"https:\/\/higienechile.cl\/\"},{\"@type\":\"ListItem\",\"position\":2,\"name\":\"Shop\",\"item\":\"https:\/\/higienechile.cl\/?page_id=1041\"},{\"@type\":\"ListItem\",\"position\":3,\"name\":\"Dispensador Manual DM 1000\"}]},{\"@type\":\"WebSite\",\"@id\":\"https:\/\/higienechile.cl\/#website\",\"url\":\"https:\/\/higienechile.cl\/\",\"name\":\"Higiene Chile\",\"description\":\"Disepensadores\",\"publisher\":{\"@id\":\"https:\/\/higienechile.cl\/#organization\"},\"potentialAction\":[{\"@type\":\"SearchAction\",\"target\":{\"@type\":\"EntryPoint\",\"urlTemplate\":\"https:\/\/higienechile.cl\/?s={search_term_string}\"},\"query-input\":\"required name=search_term_string\"}],\"inLanguage\":\"es-CL\"},{\"@type\":\"Organization\",\"@id\":\"https:\/\/higienechile.cl\/#organization\",\"name\":\"Higiene Chile\",\"url\":\"https:\/\/higienechile.cl\/\",\"logo\":{\"@type\":\"ImageObject\",\"inLanguage\":\"es-CL\",\"@id\":\"https:\/\/higienechile.cl\/#\/schema\/logo\/image\/\",\"url\":\"https:\/\/higienechile.cl\/wp-content\/uploads\/2023\/04\/logo-horizontal-4.png\",\"contentUrl\":\"https:\/\/higienechile.cl\/wp-content\/uploads\/2023\/04\/logo-horizontal-4.png\",\"width\":556,\"height\":128,\"caption\":\"Higiene Chile\"},\"image\":{\"@id\":\"https:\/\/higienechile.cl\/#\/schema\/logo\/image\/\"},\"sameAs\":[\"https:\/\/instagram.com\/higienechile?igshid=NTc4MTIwNjQ2YQ==\"]}]}<\/script>\n<!-- \/ Yoast SEO plugin. -->","yoast_head_json":{"title":"Dispensador Manual DM 1000 - Higiene Chile","robots":{"index":"index","follow":"follow","max-snippet":"max-snippet:-1","max-image-preview":"max-image-preview:large","max-video-preview":"max-video-preview:-1"},"canonical":"https:\/\/higienechile.cl\/?product=dispensador-manual-dm-1000","og_locale":"es_ES","og_type":"article","og_title":"Dispensador Manual DM 1000 - Higiene Chile","og_description":"Dispensador: Jab\u00f3n, lavaloza y Alcohol Gel. Dimensi\u00f3n: 245 x 119 x 106 mm. CON BOTELLA RECARGABLE EN SU INTERIOR. Fijaci\u00f3n: a muro (incluye tarugos y tornillos). Seguridad Antirobos (con llave). Material: Pl\u00e1stico ABS Capacidad: 1000 ml. Color: Blanco","og_url":"https:\/\/higienechile.cl\/?product=dispensador-manual-dm-1000","og_site_name":"Higiene Chile","article_modified_time":"2022-05-18T14:34:03+00:00","og_image":[{"width":600,"height":600,"url":"https:\/\/higienechile.cl\/wp-content\/uploads\/2022\/05\/DM-1000.jpg","type":"image\/jpeg"}],"twitter_card":"summary_large_image","schema":{"@context":"https:\/\/schema.org","@graph":[{"@type":"WebPage","@id":"https:\/\/higienechile.cl\/?product=dispensador-manual-dm-1000","url":"https:\/\/higienechile.cl\/?product=dispensador-manual-dm-1000","name":"Dispensador Manual DM 1000 - Higiene Chile","isPartOf":{"@id":"https:\/\/higienechile.cl\/#website"},"primaryImageOfPage":{"@id":"https:\/\/higienechile.cl\/?product=dispensador-manual-dm-1000#primaryimage"},"image":{"@id":"https:\/\/higienechile.cl\/?product=dispensador-manual-dm-1000#primaryimage"},"thumbnailUrl":"https:\/\/higienechile.cl\/wp-content\/uploads\/2022\/05\/DM-1000.jpg","datePublished":"2022-05-16T20:29:26+00:00","dateModified":"2022-05-18T14:34:03+00:00","breadcrumb":{"@id":"https:\/\/higienechile.cl\/?product=dispensador-manual-dm-1000#breadcrumb"},"inLanguage":"es-CL","potentialAction":[{"@type":"ReadAction","target":["https:\/\/higienechile.cl\/?product=dispensador-manual-dm-1000"]}]},{"@type":"ImageObject","inLanguage":"es-CL","@id":"https:\/\/higienechile.cl\/?product=dispensador-manual-dm-1000#primaryimage","url":"https:\/\/higienechile.cl\/wp-content\/uploads\/2022\/05\/DM-1000.jpg","contentUrl":"https:\/\/higienechile.cl\/wp-content\/uploads\/2022\/05\/DM-1000.jpg","width":600,"height":600},{"@type":"BreadcrumbList","@id":"https:\/\/higienechile.cl\/?product=dispensador-manual-dm-1000#breadcrumb","itemListElement":[{"@type":"ListItem","position":1,"name":"Portada","item":"https:\/\/higienechile.cl\/"},{"@type":"ListItem","position":2,"name":"Shop","item":"https:\/\/higienechile.cl\/?page_id=1041"},{"@type":"ListItem","position":3,"name":"Dispensador Manual DM 1000"}]},{"@type":"WebSite","@id":"https:\/\/higienechile.cl\/#website","url":"https:\/\/higienechile.cl\/","name":"Higiene Chile","description":"Disepensadores","publisher":{"@id":"https:\/\/higienechile.cl\/#organization"},"potentialAction":[{"@type":"SearchAction","target":{"@type":"EntryPoint","urlTemplate":"https:\/\/higienechile.cl\/?s={search_term_string}"},"query-input":"required name=search_term_string"}],"inLanguage":"es-CL"},{"@type":"Organization","@id":"https:\/\/higienechile.cl\/#organization","name":"Higiene Chile","url":"https:\/\/higienechile.cl\/","logo":{"@type":"ImageObject","inLanguage":"es-CL","@id":"https:\/\/higienechile.cl\/#\/schema\/logo\/image\/","url":"https:\/\/higienechile.cl\/wp-content\/uploads\/2023\/04\/logo-horizontal-4.png","contentUrl":"https:\/\/higienechile.cl\/wp-content\/uploads\/2023\/04\/logo-horizontal-4.png","width":556,"height":128,"caption":"Higiene Chile"},"image":{"@id":"https:\/\/higienechile.cl\/#\/schema\/logo\/image\/"},"sameAs":["https:\/\/instagram.com\/higienechile?igshid=NTc4MTIwNjQ2YQ=="]}]}},"_links":{"self":[{"href":"https:\/\/higienechile.cl\/index.php?rest_route=\/wp\/v2\/product\/1170","targetHints":{"allow":["GET"]}}],"collection":[{"href":"https:\/\/higienechile.cl\/index.php?rest_route=\/wp\/v2\/product"}],"about":[{"href":"https:\/\/higienechile.cl\/index.php?rest_route=\/wp\/v2\/types\/product"}],"wp:featuredmedia":[{"embeddable":true,"href":"https:\/\/higienechile.cl\/index.php?rest_route=\/wp\/v2\/media\/1274"}],"wp:attachment":[{"href":"https:\/\/higienechile.cl\/index.php?rest_route=%2Fwp%2Fv2%2Fmedia&parent=1170"}],"wp:term":[{"taxonomy":"product_cat","embeddable":true,"href":"https:\/\/higienechile.cl\/index.php?rest_route=%2Fwp%2Fv2%2Fproduct_cat&post=1170"},{"taxonomy":"product_tag","embeddable":true,"href":"https:\/\/higienechile.cl\/index.php?rest_route=%2Fwp%2Fv2%2Fproduct_tag&post=1170"}],"curies":[{"name":"wp","href":"https:\/\/api.w.org\/{rel}","templated":true}]}}